{"id":9,"date":"2021-01-24T12:58:57","date_gmt":"2021-01-24T09:58:57","guid":{"rendered":"http:\/\/www.prateaco.com\/?page_id=9"},"modified":"2021-01-24T13:15:22","modified_gmt":"2021-01-24T10:15:22","slug":"cay-filtresi","status":"publish","type":"page","link":"http:\/\/www.prateaco.com\/?page_id=9","title":{"rendered":"\u00c7AY F\u0130LTRES\u0130"},"content":{"rendered":"\n<h1>\u00c7AY F\u0130LTRES\u0130<\/h1>\n\n\n\n<p><strong>Neden \u00c7ay Demleme Filtresi Kullanmal\u0131y\u0131z?<\/strong><\/p>\n\n\n\n<p>\u00c7ay, T\u00fcrkiye\u2019de sudan daha fazla t\u00fcketilen bir i\u00e7ecektir. Siyah \u00e7ay ve son y\u0131llarda t\u00fcketimi artan bitki \u00e7aylar\u0131 T\u00fcrkiye toplumunun vazge\u00e7emedi\u011fi bir i\u00e7ecek t\u00fcr\u00fcd\u00fcr.<\/p>\n\n\n\n<p><strong>\u00c7ay Demleme<\/strong><\/p>\n\n\n\n<p>T\u00fcrkiye\u2019de \u00e7ay, bat\u0131 d\u00fcnyas\u0131n\u0131n aksine h\u0131zl\u0131 t\u00fcketimin bir par\u00e7as\u0131 olarak de\u011fil, bir gelene\u011fin devam\u0131 olarak belli bir seramoni i\u00e7erisinde \u201cdemleme\u201d usul\u00fcyle yap\u0131lmaktad\u0131r.<\/p>\n\n\n\n<figure class=\"wp-block-image size-large\"><img loading=\"lazy\" width=\"500\" height=\"500\" src=\"http:\/\/www.prateaco.com\/wp-content\/uploads\/2021\/01\/image-18.png\" alt=\"\" class=\"wp-image-48\" srcset=\"http:\/\/www.prateaco.com\/wp-content\/uploads\/2021\/01\/image-18.png 500w, http:\/\/www.prateaco.com\/wp-content\/uploads\/2021\/01\/image-18-300x300.png 300w, http:\/\/www.prateaco.com\/wp-content\/uploads\/2021\/01\/image-18-150x150.png 150w\" sizes=\"(max-width: 500px) 100vw, 500px\" \/><\/figure>\n\n\n\n<p><strong>Sorunlar<\/strong><\/p>\n\n\n\n<p>Demlenerek yap\u0131lan \u00e7ay, i\u00e7ildikten sonra;<br>a)Demli\u011fin temizlenmesi b\u00fcy\u00fck bir sorun olu\u015fturmaktad\u0131r. Demlik y\u0131kama esnas\u0131nda \u00e7ay taneleri lavaboya d\u00f6k\u00fclmekte ve lavaboyu t\u0131kamaktad\u0131r.<br>b) Demli\u011fin temizlenmesi s\u0131ras\u0131nda musluk a\u00e7\u0131k tutulmakta ve bir demlik temizlenmesinde asgari 3-4 litre su bo\u015funa ak\u0131t\u0131lmaktad\u0131r.<br>c) \u00c7ay tanelerinin mutfaktaki \u00e7\u00f6p po\u015fetine d\u00f6k\u00fclmesi halinde nemli tanecikler \u00e7\u00f6p\u00fcn akmas\u0131na ve k\u00f6t\u00fc kokmas\u0131na neden olmaktad\u0131r.<\/p>\n\n\n\n<figure class=\"wp-block-image size-large\"><img loading=\"lazy\" width=\"500\" height=\"500\" src=\"http:\/\/www.prateaco.com\/wp-content\/uploads\/2021\/01\/1AAA.jpg\" alt=\"\" class=\"wp-image-41\" srcset=\"http:\/\/www.prateaco.com\/wp-content\/uploads\/2021\/01\/1AAA.jpg 500w, http:\/\/www.prateaco.com\/wp-content\/uploads\/2021\/01\/1AAA-300x300.jpg 300w, http:\/\/www.prateaco.com\/wp-content\/uploads\/2021\/01\/1AAA-150x150.jpg 150w\" sizes=\"(max-width: 500px) 100vw, 500px\" \/><\/figure>\n\n\n\n<p><strong>&nbsp;Lavabo T\u0131kanmalar\u0131na Son<\/strong><\/p>\n\n\n\n<figure class=\"wp-block-image size-large\"><img loading=\"lazy\" width=\"120\" height=\"120\" src=\"http:\/\/www.prateaco.com\/wp-content\/uploads\/2021\/01\/image-19.png\" alt=\"\" class=\"wp-image-49\"\/><\/figure>\n\n\n\n<p><strong>Su Tasarrufu Sa\u011flar<\/strong><\/p>\n\n\n\n<figure class=\"wp-block-image size-large\"><img loading=\"lazy\" width=\"120\" height=\"120\" src=\"http:\/\/www.prateaco.com\/wp-content\/uploads\/2021\/01\/image-20.png\" alt=\"\" class=\"wp-image-50\"\/><\/figure>\n\n\n\n<p><strong>\u00c7\u00f6p Ak\u0131nt\u0131lar\u0131 ve K\u00f6t\u00fc Koku<\/strong><\/p>\n\n\n\n<figure class=\"wp-block-image size-large\"><img loading=\"lazy\" width=\"120\" height=\"120\" src=\"http:\/\/www.prateaco.com\/wp-content\/uploads\/2021\/01\/image-21.png\" alt=\"\" class=\"wp-image-51\"\/><\/figure>\n\n\n\n<p><strong>\u00dcretim:\u00a0<\/strong>Faydal\u0131 Model patentiyle Tek \u00dcretici olarak T\u00fcrkiye\u2019de yap\u0131lmaktad\u0131r.<br>Hammadde: T\u00fcrkiye\u2019de \u00fcretilmektedir ve %100 sel\u00fcloz k\u00e2\u011f\u0131t \u00f6zelli\u011findedir.<br>Ambalaj: Bir pakette 26 adet \u00e7ay demleme po\u015feti bulunmaktad\u0131r. 1 kolide 40 paket vard\u0131r.<\/p>\n\n\n\n<figure class=\"wp-block-image size-large\"><img loading=\"lazy\" width=\"500\" height=\"500\" src=\"http:\/\/www.prateaco.com\/wp-content\/uploads\/2021\/01\/image-22.png\" alt=\"\" class=\"wp-image-52\" srcset=\"http:\/\/www.prateaco.com\/wp-content\/uploads\/2021\/01\/image-22.png 500w, http:\/\/www.prateaco.com\/wp-content\/uploads\/2021\/01\/image-22-300x300.png 300w, http:\/\/www.prateaco.com\/wp-content\/uploads\/2021\/01\/image-22-150x150.png 150w\" sizes=\"(max-width: 500px) 100vw, 500px\" \/><\/figure>\n\n\n\n<figure class=\"wp-block-image size-large\"><img loading=\"lazy\" width=\"500\" height=\"500\" src=\"http:\/\/www.prateaco.com\/wp-content\/uploads\/2021\/01\/image-23.png\" alt=\"\" class=\"wp-image-53\" srcset=\"http:\/\/www.prateaco.com\/wp-content\/uploads\/2021\/01\/image-23.png 500w, http:\/\/www.prateaco.com\/wp-content\/uploads\/2021\/01\/image-23-300x300.png 300w, http:\/\/www.prateaco.com\/wp-content\/uploads\/2021\/01\/image-23-150x150.png 150w\" sizes=\"(max-width: 500px) 100vw, 500px\" \/><\/figure>\n\n\n\n<p><strong>&nbsp;T\u00fcketici Memnuniyeti<\/strong><\/p>\n\n\n\n<p><strong>\u00a0<\/strong>\u00c7ay Demleme Po\u015feti, mutfakta \u00e7aydan kaynaklanan \u00e7\u00f6p sorununu ortadan kald\u0131rmas\u0131n\u0131n d\u0131\u015f\u0131nda, son y\u0131llarda giderek artan ki\u015fiye \u00f6zel kar\u0131\u015f\u0131mlar yap\u0131larak \u00e7ay demlenmesine de olanak sa\u011flamaktad\u0131r. Po\u015fetlenmi\u015f end\u00fcstriyel \u00e7aylar\u0131n kalite ve i\u00e7eri\u011finden ku\u015fku duyan bireylerin kendi istedikleri \u00e7aylar\u0131 al\u0131p kar\u0131\u015f\u0131m yapmas\u0131 ve \u00e7ay demleme po\u015feti kullanarak demleyip i\u00e7mesi t\u00fcketici memnuniyetini artt\u0131rmaktad\u0131r. Su sorununun, \u00e7a\u011f\u0131m\u0131z\u0131n en \u00f6nemli sorunlar\u0131ndan biri oldu\u011funu d\u00fc\u015f\u00fcnd\u00fc\u011f\u00fcm\u00fczde \u00e7ay demleme po\u015feti, sa\u011flad\u0131\u011f\u0131 su tasarrufu nedeniyle \u00f6nemli bir sosyal sorumluluk bilincini olu\u015fturmaktad\u0131r.<\/p>\n\n\n\n<figure class=\"wp-block-image size-large\"><img loading=\"lazy\" width=\"500\" height=\"500\" src=\"http:\/\/www.prateaco.com\/wp-content\/uploads\/2021\/01\/image-24.png\" alt=\"\" class=\"wp-image-54\" srcset=\"http:\/\/www.prateaco.com\/wp-content\/uploads\/2021\/01\/image-24.png 500w, http:\/\/www.prateaco.com\/wp-content\/uploads\/2021\/01\/image-24-300x300.png 300w, http:\/\/www.prateaco.com\/wp-content\/uploads\/2021\/01\/image-24-150x150.png 150w\" sizes=\"(max-width: 500px) 100vw, 500px\" \/><\/figure>\n","protected":false},"excerpt":{"rendered":"<p>\u00c7AY F\u0130LTRES\u0130 Neden \u00c7ay Demleme Filtresi Kullanmal\u0131y\u0131z? \u00c7ay, T\u00fcrkiye\u2019de sudan daha fazla t\u00fcketilen bir i\u00e7ecektir. Siyah \u00e7ay ve son y\u0131llarda t\u00fcketimi artan bitki \u00e7aylar\u0131 T\u00fcrkiye &hellip; <\/p>\n","protected":false},"author":1,"featured_media":0,"parent":0,"menu_order":0,"comment_status":"closed","ping_status":"closed","template":"","meta":[],"_links":{"self":[{"href":"http:\/\/www.prateaco.com\/index.php?rest_route=\/wp\/v2\/pages\/9"}],"collection":[{"href":"http:\/\/www.prateaco.com\/index.php?rest_route=\/wp\/v2\/pages"}],"about":[{"href":"http:\/\/www.prateaco.com\/index.php?rest_route=\/wp\/v2\/types\/page"}],"author":[{"embeddable":true,"href":"http:\/\/www.prateaco.com\/index.php?rest_route=\/wp\/v2\/users\/1"}],"replies":[{"embeddable":true,"href":"http:\/\/www.prateaco.com\/index.php?rest_route=%2Fwp%2Fv2%2Fcomments&post=9"}],"version-history":[{"count":2,"href":"http:\/\/www.prateaco.com\/index.php?rest_route=\/wp\/v2\/pages\/9\/revisions"}],"predecessor-version":[{"id":55,"href":"http:\/\/www.prateaco.com\/index.php?rest_route=\/wp\/v2\/pages\/9\/revisions\/55"}],"wp:attachment":[{"href":"http:\/\/www.prateaco.com\/index.php?rest_route=%2Fwp%2Fv2%2Fmedia&parent=9"}],"curies":[{"name":"wp","href":"https:\/\/api.w.org\/{rel}","templated":true}]}}