{"id":8,"date":"2021-01-24T12:58:57","date_gmt":"2021-01-24T09:58:57","guid":{"rendered":"http:\/\/www.prateaco.com\/?page_id=8"},"modified":"2021-01-24T13:07:12","modified_gmt":"2021-01-24T10:07:12","slug":"blog","status":"publish","type":"page","link":"http:\/\/www.prateaco.com\/?page_id=8","title":{"rendered":"BLOG"},"content":{"rendered":"\n<p>T\u00fcrkiye, a\u00e7\u0131k arayla d\u00fcnyada en y\u00fcksek \u00e7ay t\u00fcketimine sahip \u00fclke. 1 y\u0131lda ki\u015fi ba\u015f\u0131 3,5 kilo \u00e7ay t\u00fcketiyoruz. D\u00fcnya sahnesinde \u00e7ayla an\u0131l\u0131yoruz fakat \u00e7ay \u00fcretiminde d\u00fcnyada 5. s\u0131raday\u0131z. \u00c7ay\u0131 hayat\u0131m\u0131z\u0131n en \u00e7ok t\u00fcketilir i\u00e7ece\u011fi haline getirmi\u015fken, \u00e7ays\u0131z g\u00fcn ge\u00e7irmezken, \u00e7ay \u00fcretiminde hangi noktaday\u0131z? \u0130\u00e7ti\u011fimiz \u00e7ay\u0131 ne kadar tan\u0131yoruz? \u00c7ayla ilgili do\u011fru bildi\u011fimiz yanl\u0131\u015flar nelerdir?&nbsp;T\u00fcm bu sorular\u0131n cevab\u0131n\u0131 bu blogda bulacaks\u0131n\u0131z.<\/p>\n\n\n\n<div class=\"wp-block-image\"><figure class=\"aligncenter size-large\"><img loading=\"lazy\" width=\"500\" height=\"500\" src=\"http:\/\/www.prateaco.com\/wp-content\/uploads\/2021\/01\/1.jpg\" alt=\"\" class=\"wp-image-43\" srcset=\"http:\/\/www.prateaco.com\/wp-content\/uploads\/2021\/01\/1.jpg 500w, http:\/\/www.prateaco.com\/wp-content\/uploads\/2021\/01\/1-300x300.jpg 300w, http:\/\/www.prateaco.com\/wp-content\/uploads\/2021\/01\/1-150x150.jpg 150w\" sizes=\"(max-width: 500px) 100vw, 500px\" \/><\/figure><\/div>\n\n\n\n<p><\/p>\n\n\n\n<p><\/p>\n\n\n\n<p class=\"has-medium-font-size\"><strong>\u00c7ay Keyfi \u00c7ay Demleme Po\u015feti<\/strong><\/p>\n\n\n\n<p>\u00c7ay demleme po\u015feti ergonomik olarak tasarlanm\u0131\u015ft\u0131r. Evde, yazl\u0131kta, i\u015f yerlerinde ya da ofislerde \u00e7aydanl\u0131k temizleme derdine son veren, hayat\u0131 kolayla\u015ft\u0131ran kullan\u0131\u015fl\u0131 bir \u00fcr\u00fcnd\u00fcr. \u0130\u00e7erisinde katk\u0131 maddesi bulunan bilinmedik \u00e7aylar yerine,&nbsp;<strong>%100 do\u011fal<\/strong>&nbsp;demlik po\u015fetinden kendi mevcut \u00e7ay\u0131n\u0131z\u0131 ya da \u00f6zel \u00e7ay kar\u0131\u015f\u0131mlar\u0131n\u0131z\u0131 demleyebilirsiniz.<\/p>\n\n\n\n<p>\u00c7aydanl\u0131klar\u0131n\u0131z kirlenmeden, lavabolar\u0131n\u0131z t\u0131kanmadan, demli\u011fin temizlenmesi i\u00e7in gereksiz yere su sarfiyat\u0131 olu\u015fturmadan, su tasarrufu sa\u011flar. Demleme po\u015feti, t\u00fcm \u00e7ay ve bitkisel i\u00e7ecekler i\u00e7in ki\u015fiye \u00f6zel kar\u0131\u015f\u0131mlar yapma ve damak tad\u0131na uygun alternatif \u00e7aylar haz\u0131rlan\u0131labilmesi ad\u0131na \u00f6zel \u00fcretilmi\u015ftir.<\/p>\n\n\n\n<p>\u00c7ay ve bitki yapraklar\u0131n\u0131n demlikte da\u011f\u0131lmaks\u0131z\u0131n demini ve lezzetini \u00e7aya katmas\u0131n\u0131 sa\u011flar. \u00c7ay demleme po\u015fetinin \u00f6l\u00e7\u00fcleri \u00e7ay yapraklar\u0131n\u0131n geni\u015fleyip demini suya b\u0131rakaca\u011f\u0131 d\u00fc\u015f\u00fcn\u00fclerek tasarlanm\u0131\u015ft\u0131r.<\/p>\n\n\n\n<p>Kullan\u0131lan demlikler kolayl\u0131kla temizlenir, \u00e7\u00f6p po\u015fetine \u00e7ay suyu d\u00f6k\u00fclmesi engellendi\u011fi i\u00e7in de \u00e7\u00f6plerin koku yapmas\u0131 \u00f6nlenir.<\/p>\n\n\n\n<p>Ek olarak \u00e7ay\u0131n demli\u011fe konulmas\u0131 i\u00e7in \u00f6l\u00e7\u00fc g\u00f6revi g\u00f6r\u00fcr, demli\u011fe fazla \u00e7ay at\u0131lmas\u0131n\u0131 engeller ve \u00e7ay\u0131n tasarruflu kullan\u0131lmas\u0131n\u0131 sa\u011flar.<\/p>\n\n\n\n<p><strong>\u00dcr\u00fcn\u00fcn \u00d6zellikleri<\/strong><\/p>\n\n\n\n<p><strong>Di\u011ferlerinden fark\u0131 ne?<\/strong><\/p>\n\n\n\n<ul><li>100% do\u011fal ka\u011f\u0131ttan \u00fcretilmi\u015ftir.<\/li><li>Hi\u00e7bir kimyasal madde i\u00e7ermez.<\/li><li>Yap\u0131\u015ft\u0131rma alanlar\u0131 tamamen otomatik makinelerde 230 derece ile yap\u0131lmaktad\u0131r.<\/li><li>\u0130\u00e7erisine \u00e7ay doldurulup kapat\u0131larak demli\u011fe konuldu\u011funda su ile temas etti\u011fi anda kapak k\u0131sm\u0131 kendili\u011finden yap\u0131\u015f\u0131r ve a\u00e7\u0131lmaz.<\/li><li>Su tasarrufu sa\u011flar.<\/li><li>\u00c7ay\u0131n ac\u0131mas\u0131n\u0131 \u00f6nler.<\/li><li>\u00c7evre temizli\u011fi sa\u011flar.<\/li><li>Zaman kayb\u0131n\u0131 \u00f6nler.<\/li><li>Bitkisel \u00e7aylarda da kullan\u0131labilir.<\/li><\/ul>\n","protected":false},"excerpt":{"rendered":"<p>T\u00fcrkiye, a\u00e7\u0131k arayla d\u00fcnyada en y\u00fcksek \u00e7ay t\u00fcketimine sahip \u00fclke. 1 y\u0131lda ki\u015fi ba\u015f\u0131 3,5 kilo \u00e7ay t\u00fcketiyoruz. D\u00fcnya sahnesinde \u00e7ayla an\u0131l\u0131yoruz fakat \u00e7ay \u00fcretiminde &hellip; <\/p>\n","protected":false},"author":1,"featured_media":0,"parent":0,"menu_order":0,"comment_status":"closed","ping_status":"closed","template":"","meta":[],"_links":{"self":[{"href":"http:\/\/www.prateaco.com\/index.php?rest_route=\/wp\/v2\/pages\/8"}],"collection":[{"href":"http:\/\/www.prateaco.com\/index.php?rest_route=\/wp\/v2\/pages"}],"about":[{"href":"http:\/\/www.prateaco.com\/index.php?rest_route=\/wp\/v2\/types\/page"}],"author":[{"embeddable":true,"href":"http:\/\/www.prateaco.com\/index.php?rest_route=\/wp\/v2\/users\/1"}],"replies":[{"embeddable":true,"href":"http:\/\/www.prateaco.com\/index.php?rest_route=%2Fwp%2Fv2%2Fcomments&post=8"}],"version-history":[{"count":2,"href":"http:\/\/www.prateaco.com\/index.php?rest_route=\/wp\/v2\/pages\/8\/revisions"}],"predecessor-version":[{"id":45,"href":"http:\/\/www.prateaco.com\/index.php?rest_route=\/wp\/v2\/pages\/8\/revisions\/45"}],"wp:attachment":[{"href":"http:\/\/www.prateaco.com\/index.php?rest_route=%2Fwp%2Fv2%2Fmedia&parent=8"}],"curies":[{"name":"wp","href":"https:\/\/api.w.org\/{rel}","templated":true}]}}