{"id":5,"date":"2021-01-24T12:58:56","date_gmt":"2021-01-24T09:58:56","guid":{"rendered":"http:\/\/www.prateaco.com\/?page_id=5"},"modified":"2021-01-24T13:24:27","modified_gmt":"2021-01-24T10:24:27","slug":"anasayfa","status":"publish","type":"page","link":"http:\/\/www.prateaco.com\/","title":{"rendered":"ANASAYFA"},"content":{"rendered":"\n<div class=\"wp-block-image\"><figure class=\"aligncenter size-large\"><img loading=\"lazy\" width=\"500\" height=\"500\" src=\"http:\/\/www.prateaco.com\/wp-content\/uploads\/2021\/01\/image-17.png\" alt=\"\" class=\"wp-image-38\" srcset=\"http:\/\/www.prateaco.com\/wp-content\/uploads\/2021\/01\/image-17.png 500w, http:\/\/www.prateaco.com\/wp-content\/uploads\/2021\/01\/image-17-300x300.png 300w, http:\/\/www.prateaco.com\/wp-content\/uploads\/2021\/01\/image-17-150x150.png 150w\" sizes=\"(max-width: 500px) 100vw, 500px\" \/><\/figure><\/div>\n\n\n\n<p><\/p>\n\n\n\n<p><\/p>\n\n\n\n<div class=\"wp-block-image\"><figure class=\"aligncenter size-large\"><img loading=\"lazy\" width=\"500\" height=\"500\" src=\"http:\/\/www.prateaco.com\/wp-content\/uploads\/2021\/01\/1AA.jpg\" alt=\"\" class=\"wp-image-40\" srcset=\"http:\/\/www.prateaco.com\/wp-content\/uploads\/2021\/01\/1AA.jpg 500w, http:\/\/www.prateaco.com\/wp-content\/uploads\/2021\/01\/1AA-300x300.jpg 300w, http:\/\/www.prateaco.com\/wp-content\/uploads\/2021\/01\/1AA-150x150.jpg 150w\" sizes=\"(max-width: 500px) 100vw, 500px\" \/><\/figure><\/div>\n\n\n\n<p><\/p>\n\n\n\n<p><\/p>\n\n\n\n<div class=\"wp-block-image\"><figure class=\"aligncenter size-large\"><img loading=\"lazy\" width=\"500\" height=\"500\" src=\"http:\/\/www.prateaco.com\/wp-content\/uploads\/2021\/01\/1AAA.jpg\" alt=\"\" class=\"wp-image-41\" srcset=\"http:\/\/www.prateaco.com\/wp-content\/uploads\/2021\/01\/1AAA.jpg 500w, http:\/\/www.prateaco.com\/wp-content\/uploads\/2021\/01\/1AAA-300x300.jpg 300w, http:\/\/www.prateaco.com\/wp-content\/uploads\/2021\/01\/1AAA-150x150.jpg 150w\" sizes=\"(max-width: 500px) 100vw, 500px\" \/><\/figure><\/div>\n\n\n\n<p><\/p>\n\n\n\n<p><\/p>\n\n\n\n<p><\/p>\n\n\n\n<p><\/p>\n\n\n\n<p><\/p>\n\n\n\n<p><\/p>\n\n\n\n<p><strong>\u00dcR\u00dcNLER\u0130M\u0130Z<\/strong><\/p>\n\n\n\n<figure class=\"wp-block-image size-large is-resized\"><img loading=\"lazy\" src=\"http:\/\/www.prateaco.com\/wp-content\/uploads\/2021\/01\/image-26.png\" alt=\"\" class=\"wp-image-62\" width=\"406\" height=\"404\" srcset=\"http:\/\/www.prateaco.com\/wp-content\/uploads\/2021\/01\/image-26.png 376w, http:\/\/www.prateaco.com\/wp-content\/uploads\/2021\/01\/image-26-300x298.png 300w, http:\/\/www.prateaco.com\/wp-content\/uploads\/2021\/01\/image-26-150x150.png 150w\" sizes=\"(max-width: 406px) 100vw, 406px\" \/><\/figure>\n\n\n\n<figure class=\"wp-block-image size-large is-resized\"><img loading=\"lazy\" src=\"http:\/\/www.prateaco.com\/wp-content\/uploads\/2021\/01\/image-27.png\" alt=\"\" class=\"wp-image-64\" width=\"384\" height=\"300\" srcset=\"http:\/\/www.prateaco.com\/wp-content\/uploads\/2021\/01\/image-27.png 333w, http:\/\/www.prateaco.com\/wp-content\/uploads\/2021\/01\/image-27-300x234.png 300w\" sizes=\"(max-width: 384px) 100vw, 384px\" \/><\/figure>\n\n\n\n<figure class=\"wp-block-image size-large\"><img loading=\"lazy\" width=\"376\" height=\"376\" src=\"http:\/\/www.prateaco.com\/wp-content\/uploads\/2021\/01\/image-28.png\" alt=\"\" class=\"wp-image-65\" srcset=\"http:\/\/www.prateaco.com\/wp-content\/uploads\/2021\/01\/image-28.png 376w, http:\/\/www.prateaco.com\/wp-content\/uploads\/2021\/01\/image-28-300x300.png 300w, http:\/\/www.prateaco.com\/wp-content\/uploads\/2021\/01\/image-28-150x150.png 150w\" sizes=\"(max-width: 376px) 100vw, 376px\" \/><\/figure>\n","protected":false},"excerpt":{"rendered":"<p>\u00dcR\u00dcNLER\u0130M\u0130Z<\/p>\n","protected":false},"author":1,"featured_media":0,"parent":0,"menu_order":0,"comment_status":"closed","ping_status":"closed","template":"","meta":[],"_links":{"self":[{"href":"http:\/\/www.prateaco.com\/index.php?rest_route=\/wp\/v2\/pages\/5"}],"collection":[{"href":"http:\/\/www.prateaco.com\/index.php?rest_route=\/wp\/v2\/pages"}],"about":[{"href":"http:\/\/www.prateaco.com\/index.php?rest_route=\/wp\/v2\/types\/page"}],"author":[{"embeddable":true,"href":"http:\/\/www.prateaco.com\/index.php?rest_route=\/wp\/v2\/users\/1"}],"replies":[{"embeddable":true,"href":"http:\/\/www.prateaco.com\/index.php?rest_route=%2Fwp%2Fv2%2Fcomments&post=5"}],"version-history":[{"count":4,"href":"http:\/\/www.prateaco.com\/index.php?rest_route=\/wp\/v2\/pages\/5\/revisions"}],"predecessor-version":[{"id":66,"href":"http:\/\/www.prateaco.com\/index.php?rest_route=\/wp\/v2\/pages\/5\/revisions\/66"}],"wp:attachment":[{"href":"http:\/\/www.prateaco.com\/index.php?rest_route=%2Fwp%2Fv2%2Fmedia&parent=5"}],"curies":[{"name":"wp","href":"https:\/\/api.w.org\/{rel}","templated":true}]}}