{"id":14,"date":"2021-01-24T12:58:57","date_gmt":"2021-01-24T09:58:57","guid":{"rendered":"http:\/\/www.prateaco.com\/?page_id=14"},"modified":"2021-01-24T13:58:50","modified_gmt":"2021-01-24T10:58:50","slug":"market-urunleri","status":"publish","type":"page","link":"http:\/\/www.prateaco.com\/?page_id=14","title":{"rendered":"MARKET \u00dcR\u00dcNLER\u0130"},"content":{"rendered":"\n<figure class=\"wp-block-image size-large\"><img loading=\"lazy\" width=\"500\" height=\"500\" src=\"http:\/\/www.prateaco.com\/wp-content\/uploads\/2021\/01\/image-35.png\" alt=\"\" class=\"wp-image-82\" srcset=\"http:\/\/www.prateaco.com\/wp-content\/uploads\/2021\/01\/image-35.png 500w, http:\/\/www.prateaco.com\/wp-content\/uploads\/2021\/01\/image-35-300x300.png 300w, http:\/\/www.prateaco.com\/wp-content\/uploads\/2021\/01\/image-35-150x150.png 150w\" sizes=\"(max-width: 500px) 100vw, 500px\" \/><\/figure>\n\n\n\n<p><strong>Prateaco markam\u0131zla ihracat i\u00e7in \u00fcretti\u011fimiz \u00fcr\u00fcnler 2021 y\u0131l\u0131nda t\u00fcm T\u00fcrkiye\u2019de sadece market pazar\u0131nda sat\u0131\u015fa sunulmu\u015ftur.<\/strong><\/p>\n\n\n\n<p><strong>Ev tipi ve cafe tipi end\u00fcstriyel \u00fcr\u00fcnlerin yer ald\u0131\u011f\u0131 bu grupta tek yetkili sat\u0131c\u0131<\/strong><\/p>\n\n\n\n<p><strong>B.S\u00d6NMEZ GIDA\u00a0 LTD.\u015eT\u0130 dir.<\/strong><\/p>\n\n\n\n<figure class=\"wp-block-image size-large\"><img loading=\"lazy\" width=\"500\" height=\"500\" src=\"http:\/\/www.prateaco.com\/wp-content\/uploads\/2021\/01\/image-17.png\" alt=\"\" class=\"wp-image-38\" srcset=\"http:\/\/www.prateaco.com\/wp-content\/uploads\/2021\/01\/image-17.png 500w, http:\/\/www.prateaco.com\/wp-content\/uploads\/2021\/01\/image-17-300x300.png 300w, http:\/\/www.prateaco.com\/wp-content\/uploads\/2021\/01\/image-17-150x150.png 150w\" sizes=\"(max-width: 500px) 100vw, 500px\" \/><\/figure>\n\n\n\n<figure class=\"wp-block-image size-large\"><img loading=\"lazy\" width=\"500\" height=\"500\" src=\"http:\/\/www.prateaco.com\/wp-content\/uploads\/2021\/01\/1AA.jpg\" alt=\"\" class=\"wp-image-40\" srcset=\"http:\/\/www.prateaco.com\/wp-content\/uploads\/2021\/01\/1AA.jpg 500w, http:\/\/www.prateaco.com\/wp-content\/uploads\/2021\/01\/1AA-300x300.jpg 300w, http:\/\/www.prateaco.com\/wp-content\/uploads\/2021\/01\/1AA-150x150.jpg 150w\" sizes=\"(max-width: 500px) 100vw, 500px\" \/><\/figure>\n","protected":false},"excerpt":{"rendered":"<p>Prateaco markam\u0131zla ihracat i\u00e7in \u00fcretti\u011fimiz \u00fcr\u00fcnler 2021 y\u0131l\u0131nda t\u00fcm T\u00fcrkiye\u2019de sadece market pazar\u0131nda sat\u0131\u015fa sunulmu\u015ftur. Ev tipi ve cafe tipi end\u00fcstriyel \u00fcr\u00fcnlerin yer ald\u0131\u011f\u0131 bu &hellip; <\/p>\n","protected":false},"author":1,"featured_media":0,"parent":0,"menu_order":0,"comment_status":"closed","ping_status":"closed","template":"","meta":[],"_links":{"self":[{"href":"http:\/\/www.prateaco.com\/index.php?rest_route=\/wp\/v2\/pages\/14"}],"collection":[{"href":"http:\/\/www.prateaco.com\/index.php?rest_route=\/wp\/v2\/pages"}],"about":[{"href":"http:\/\/www.prateaco.com\/index.php?rest_route=\/wp\/v2\/types\/page"}],"author":[{"embeddable":true,"href":"http:\/\/www.prateaco.com\/index.php?rest_route=\/wp\/v2\/users\/1"}],"replies":[{"embeddable":true,"href":"http:\/\/www.prateaco.com\/index.php?rest_route=%2Fwp%2Fv2%2Fcomments&post=14"}],"version-history":[{"count":2,"href":"http:\/\/www.prateaco.com\/index.php?rest_route=\/wp\/v2\/pages\/14\/revisions"}],"predecessor-version":[{"id":84,"href":"http:\/\/www.prateaco.com\/index.php?rest_route=\/wp\/v2\/pages\/14\/revisions\/84"}],"wp:attachment":[{"href":"http:\/\/www.prateaco.com\/index.php?rest_route=%2Fwp%2Fv2%2Fmedia&parent=14"}],"curies":[{"name":"wp","href":"https:\/\/api.w.org\/{rel}","templated":true}]}}