{"id":13,"date":"2021-01-24T12:58:57","date_gmt":"2021-01-24T09:58:57","guid":{"rendered":"http:\/\/www.prateaco.com\/?page_id=13"},"modified":"2021-01-24T14:05:46","modified_gmt":"2021-01-24T11:05:46","slug":"internet-urunleri","status":"publish","type":"page","link":"http:\/\/www.prateaco.com\/?page_id=13","title":{"rendered":"\u0130NTERNET \u00dcR\u00dcNLER\u0130"},"content":{"rendered":"\n<p><strong>\u00c7ay ve kahve filtreleri d\u0131\u015f\u0131nda filtreli kahve, filtreli \u00e7ay ve \u00e7ay aksesuarlar\u0131 \u00fcr\u00fcn \u00e7e\u015fitlerimiz aras\u0131nda mevcuttur<\/strong>.<\/p>\n\n\n\n<figure class=\"wp-block-image size-large\"><img loading=\"lazy\" width=\"500\" height=\"500\" src=\"http:\/\/www.prateaco.com\/wp-content\/uploads\/2021\/01\/image-24.png\" alt=\"\" class=\"wp-image-54\" srcset=\"http:\/\/www.prateaco.com\/wp-content\/uploads\/2021\/01\/image-24.png 500w, http:\/\/www.prateaco.com\/wp-content\/uploads\/2021\/01\/image-24-300x300.png 300w, http:\/\/www.prateaco.com\/wp-content\/uploads\/2021\/01\/image-24-150x150.png 150w\" sizes=\"(max-width: 500px) 100vw, 500px\" \/><\/figure>\n","protected":false},"excerpt":{"rendered":"<p>\u00c7ay ve kahve filtreleri d\u0131\u015f\u0131nda filtreli kahve, filtreli \u00e7ay ve \u00e7ay aksesuarlar\u0131 \u00fcr\u00fcn \u00e7e\u015fitlerimiz aras\u0131nda mevcuttur.<\/p>\n","protected":false},"author":1,"featured_media":0,"parent":0,"menu_order":0,"comment_status":"closed","ping_status":"closed","template":"","meta":[],"_links":{"self":[{"href":"http:\/\/www.prateaco.com\/index.php?rest_route=\/wp\/v2\/pages\/13"}],"collection":[{"href":"http:\/\/www.prateaco.com\/index.php?rest_route=\/wp\/v2\/pages"}],"about":[{"href":"http:\/\/www.prateaco.com\/index.php?rest_route=\/wp\/v2\/types\/page"}],"author":[{"embeddable":true,"href":"http:\/\/www.prateaco.com\/index.php?rest_route=\/wp\/v2\/users\/1"}],"replies":[{"embeddable":true,"href":"http:\/\/www.prateaco.com\/index.php?rest_route=%2Fwp%2Fv2%2Fcomments&post=13"}],"version-history":[{"count":3,"href":"http:\/\/www.prateaco.com\/index.php?rest_route=\/wp\/v2\/pages\/13\/revisions"}],"predecessor-version":[{"id":61,"href":"http:\/\/www.prateaco.com\/index.php?rest_route=\/wp\/v2\/pages\/13\/revisions\/61"}],"wp:attachment":[{"href":"http:\/\/www.prateaco.com\/index.php?rest_route=%2Fwp%2Fv2%2Fmedia&parent=13"}],"curies":[{"name":"wp","href":"https:\/\/api.w.org\/{rel}","templated":true}]}}