{"id":12,"date":"2021-01-24T12:58:57","date_gmt":"2021-01-24T09:58:57","guid":{"rendered":"http:\/\/www.prateaco.com\/?page_id=12"},"modified":"2021-01-24T13:56:31","modified_gmt":"2021-01-24T10:56:31","slug":"cafe-urunleri","status":"publish","type":"page","link":"http:\/\/www.prateaco.com\/?page_id=12","title":{"rendered":"CAFE \u00dcR\u00dcNLER\u0130"},"content":{"rendered":"\n<p><\/p>\n\n\n\n<figure class=\"wp-block-image size-large\"><img loading=\"lazy\" width=\"500\" height=\"500\" src=\"http:\/\/www.prateaco.com\/wp-content\/uploads\/2021\/01\/image-30.png\" alt=\"\" class=\"wp-image-76\" srcset=\"http:\/\/www.prateaco.com\/wp-content\/uploads\/2021\/01\/image-30.png 500w, http:\/\/www.prateaco.com\/wp-content\/uploads\/2021\/01\/image-30-300x300.png 300w, http:\/\/www.prateaco.com\/wp-content\/uploads\/2021\/01\/image-30-150x150.png 150w\" sizes=\"(max-width: 500px) 100vw, 500px\" \/><\/figure>\n\n\n\n<figure class=\"wp-block-image size-large\"><img loading=\"lazy\" width=\"500\" height=\"500\" src=\"http:\/\/www.prateaco.com\/wp-content\/uploads\/2021\/01\/image-29.png\" alt=\"\" class=\"wp-image-74\" srcset=\"http:\/\/www.prateaco.com\/wp-content\/uploads\/2021\/01\/image-29.png 500w, http:\/\/www.prateaco.com\/wp-content\/uploads\/2021\/01\/image-29-300x300.png 300w, http:\/\/www.prateaco.com\/wp-content\/uploads\/2021\/01\/image-29-150x150.png 150w\" sizes=\"(max-width: 500px) 100vw, 500px\" \/><\/figure>\n\n\n\n<figure class=\"wp-block-image size-large\"><img loading=\"lazy\" width=\"500\" height=\"500\" src=\"http:\/\/www.prateaco.com\/wp-content\/uploads\/2021\/01\/image-24.png\" alt=\"\" class=\"wp-image-54\" srcset=\"http:\/\/www.prateaco.com\/wp-content\/uploads\/2021\/01\/image-24.png 500w, http:\/\/www.prateaco.com\/wp-content\/uploads\/2021\/01\/image-24-300x300.png 300w, http:\/\/www.prateaco.com\/wp-content\/uploads\/2021\/01\/image-24-150x150.png 150w\" sizes=\"(max-width: 500px) 100vw, 500px\" \/><\/figure>\n\n\n\n<figure class=\"wp-block-image size-large\"><img loading=\"lazy\" width=\"500\" height=\"500\" src=\"http:\/\/www.prateaco.com\/wp-content\/uploads\/2021\/01\/image-31.png\" alt=\"\" class=\"wp-image-77\" srcset=\"http:\/\/www.prateaco.com\/wp-content\/uploads\/2021\/01\/image-31.png 500w, http:\/\/www.prateaco.com\/wp-content\/uploads\/2021\/01\/image-31-300x300.png 300w, http:\/\/www.prateaco.com\/wp-content\/uploads\/2021\/01\/image-31-150x150.png 150w\" sizes=\"(max-width: 500px) 100vw, 500px\" \/><\/figure>\n\n\n\n<figure class=\"wp-block-image size-large\"><img loading=\"lazy\" width=\"500\" height=\"500\" src=\"http:\/\/www.prateaco.com\/wp-content\/uploads\/2021\/01\/image-32.png\" alt=\"\" class=\"wp-image-78\" srcset=\"http:\/\/www.prateaco.com\/wp-content\/uploads\/2021\/01\/image-32.png 500w, http:\/\/www.prateaco.com\/wp-content\/uploads\/2021\/01\/image-32-300x300.png 300w, http:\/\/www.prateaco.com\/wp-content\/uploads\/2021\/01\/image-32-150x150.png 150w\" sizes=\"(max-width: 500px) 100vw, 500px\" \/><\/figure>\n\n\n\n<p>Tek kullan\u0131ml\u0131k bardak boydan, 100gram \u00e7ay alabilen end\u00fcstriyel boylara kadar t\u00fcm \u00fcr\u00fcnlerimiz cafelere \u015firketimiz taraf\u0131ndan, anl\u0131k olarak stoktan tedarik yap\u0131lmaktad\u0131r.<\/p>\n\n\n\n<figure class=\"wp-block-image size-large\"><img loading=\"lazy\" width=\"500\" height=\"500\" src=\"http:\/\/www.prateaco.com\/wp-content\/uploads\/2021\/01\/image-33.png\" alt=\"\" class=\"wp-image-79\" srcset=\"http:\/\/www.prateaco.com\/wp-content\/uploads\/2021\/01\/image-33.png 500w, http:\/\/www.prateaco.com\/wp-content\/uploads\/2021\/01\/image-33-300x300.png 300w, http:\/\/www.prateaco.com\/wp-content\/uploads\/2021\/01\/image-33-150x150.png 150w\" sizes=\"(max-width: 500px) 100vw, 500px\" \/><\/figure>\n\n\n\n<figure class=\"wp-block-image size-large\"><img loading=\"lazy\" width=\"500\" height=\"500\" src=\"http:\/\/www.prateaco.com\/wp-content\/uploads\/2021\/01\/image-34.png\" alt=\"\" class=\"wp-image-80\" srcset=\"http:\/\/www.prateaco.com\/wp-content\/uploads\/2021\/01\/image-34.png 500w, http:\/\/www.prateaco.com\/wp-content\/uploads\/2021\/01\/image-34-300x300.png 300w, http:\/\/www.prateaco.com\/wp-content\/uploads\/2021\/01\/image-34-150x150.png 150w\" sizes=\"(max-width: 500px) 100vw, 500px\" \/><\/figure>\n","protected":false},"excerpt":{"rendered":"<p>Tek kullan\u0131ml\u0131k bardak boydan, 100gram \u00e7ay alabilen end\u00fcstriyel boylara kadar t\u00fcm \u00fcr\u00fcnlerimiz cafelere \u015firketimiz taraf\u0131ndan, anl\u0131k olarak stoktan tedarik yap\u0131lmaktad\u0131r.<\/p>\n","protected":false},"author":1,"featured_media":0,"parent":0,"menu_order":0,"comment_status":"closed","ping_status":"closed","template":"","meta":[],"_links":{"self":[{"href":"http:\/\/www.prateaco.com\/index.php?rest_route=\/wp\/v2\/pages\/12"}],"collection":[{"href":"http:\/\/www.prateaco.com\/index.php?rest_route=\/wp\/v2\/pages"}],"about":[{"href":"http:\/\/www.prateaco.com\/index.php?rest_route=\/wp\/v2\/types\/page"}],"author":[{"embeddable":true,"href":"http:\/\/www.prateaco.com\/index.php?rest_route=\/wp\/v2\/users\/1"}],"replies":[{"embeddable":true,"href":"http:\/\/www.prateaco.com\/index.php?rest_route=%2Fwp%2Fv2%2Fcomments&post=12"}],"version-history":[{"count":2,"href":"http:\/\/www.prateaco.com\/index.php?rest_route=\/wp\/v2\/pages\/12\/revisions"}],"predecessor-version":[{"id":81,"href":"http:\/\/www.prateaco.com\/index.php?rest_route=\/wp\/v2\/pages\/12\/revisions\/81"}],"wp:attachment":[{"href":"http:\/\/www.prateaco.com\/index.php?rest_route=%2Fwp%2Fv2%2Fmedia&parent=12"}],"curies":[{"name":"wp","href":"https:\/\/api.w.org\/{rel}","templated":true}]}}