{"id":10,"date":"2021-01-24T12:58:57","date_gmt":"2021-01-24T09:58:57","guid":{"rendered":"http:\/\/www.prateaco.com\/?page_id=10"},"modified":"2021-01-24T13:51:24","modified_gmt":"2021-01-24T10:51:24","slug":"uretim","status":"publish","type":"page","link":"http:\/\/www.prateaco.com\/?page_id=10","title":{"rendered":"\u00dcRET\u0130M"},"content":{"rendered":"\n<div class=\"wp-block-image\"><figure class=\"alignleft size-large\"><img loading=\"lazy\" width=\"500\" height=\"500\" src=\"http:\/\/www.prateaco.com\/wp-content\/uploads\/2021\/01\/1AA.jpg\" alt=\"\" class=\"wp-image-40\" srcset=\"http:\/\/www.prateaco.com\/wp-content\/uploads\/2021\/01\/1AA.jpg 500w, http:\/\/www.prateaco.com\/wp-content\/uploads\/2021\/01\/1AA-300x300.jpg 300w, http:\/\/www.prateaco.com\/wp-content\/uploads\/2021\/01\/1AA-150x150.jpg 150w\" sizes=\"(max-width: 500px) 100vw, 500px\" \/><\/figure><\/div>\n\n\n\n<p><strong>Makine parkurumuz yerli ve milli imkanlarla T\u00fcrk m\u00fchendislerinin tasarlay\u0131p \u00fcrettikleri teknolojik makinelerden olu\u015fmaktad\u0131r.<\/strong><\/p>\n\n\n\n<p><strong>Ka\u011f\u0131t Filtrelerimiz d\u00fcnyan\u0131n en b\u00fcy\u00fck \u00e7ay firmalar\u0131na tedarik yapan \u00fcretici firmalardan ithal edilmektedir.<\/strong><\/p>\n\n\n\n<p><strong>\u00dcretim i\u00e7in gerekli t\u00fcm belgelerimiz mevcut olup 2020 y\u0131l\u0131 itibar\u0131yla ihracat\u00e7\u0131 belgemiz de portf\u00f6y\u00fcm\u00fcze eklenmi\u015ftir.<\/strong><\/p>\n","protected":false},"excerpt":{"rendered":"<p>Makine parkurumuz yerli ve milli imkanlarla T\u00fcrk m\u00fchendislerinin tasarlay\u0131p \u00fcrettikleri teknolojik makinelerden olu\u015fmaktad\u0131r. Ka\u011f\u0131t Filtrelerimiz d\u00fcnyan\u0131n en b\u00fcy\u00fck \u00e7ay firmalar\u0131na tedarik yapan \u00fcretici firmalardan ithal &hellip; <\/p>\n","protected":false},"author":1,"featured_media":0,"parent":0,"menu_order":0,"comment_status":"closed","ping_status":"closed","template":"","meta":[],"_links":{"self":[{"href":"http:\/\/www.prateaco.com\/index.php?rest_route=\/wp\/v2\/pages\/10"}],"collection":[{"href":"http:\/\/www.prateaco.com\/index.php?rest_route=\/wp\/v2\/pages"}],"about":[{"href":"http:\/\/www.prateaco.com\/index.php?rest_route=\/wp\/v2\/types\/page"}],"author":[{"embeddable":true,"href":"http:\/\/www.prateaco.com\/index.php?rest_route=\/wp\/v2\/users\/1"}],"replies":[{"embeddable":true,"href":"http:\/\/www.prateaco.com\/index.php?rest_route=%2Fwp%2Fv2%2Fcomments&post=10"}],"version-history":[{"count":2,"href":"http:\/\/www.prateaco.com\/index.php?rest_route=\/wp\/v2\/pages\/10\/revisions"}],"predecessor-version":[{"id":73,"href":"http:\/\/www.prateaco.com\/index.php?rest_route=\/wp\/v2\/pages\/10\/revisions\/73"}],"wp:attachment":[{"href":"http:\/\/www.prateaco.com\/index.php?rest_route=%2Fwp%2Fv2%2Fmedia&parent=10"}],"curies":[{"name":"wp","href":"https:\/\/api.w.org\/{rel}","templated":true}]}}